
  {"id":9960,"date":"2023-04-26T10:52:59","date_gmt":"2023-04-26T09:52:59","guid":{"rendered":"http:\/\/new.senox.ch\/?page_id=9960"},"modified":"2023-05-22T17:18:30","modified_gmt":"2023-05-22T16:18:30","slug":"downloads-fr","status":"publish","type":"page","link":"https:\/\/new.senox.ch\/fr?page_id=9960","title":{"rendered":"Downloads"},"content":{"rendered":"<p>[vc_row full_width=\u00a0\u00bbstretch_row\u00a0\u00bb el_class=\u00a0\u00bbrowSectionHighlights\u00a0\u00bb style=\u00a0\u00bbthree\u00a0\u00bb content_placement=\u00a0\u00bb\u00a0\u00bb parallax=\u00a0\u00bb\u00a0\u00bb css_animation=\u00a0\u00bbbounceIn\u00a0\u00bb][vc_column]<div class=\"vcBlock-lead\">Senox AG &#8211; Experts en Facility Management &amp; solutions GMAO sur mesure.<\/div>[\/vc_column][\/vc_row][vc_row][vc_column]<div class=\"vcBlock-titel links \"><h2 >Downloads<\/h2><\/div>[vc_column_text]Senox est une entreprise exp\u00e9riment\u00e9e dans le domaine du conseil en gestion d&rsquo;installations. Elle se concentre sur la gestion efficace des b\u00e2timents, des installations et des \u00e9quipements ainsi que des locaux et des surfaces et sur la maintenance. Le syst\u00e8me GMAO de Senox offre des fonctionnalit\u00e9s compl\u00e8tes pour la gestion des indicateurs cl\u00e9s de performance et des tableaux de bord. Les personnes int\u00e9ress\u00e9es peuvent t\u00e9l\u00e9charger ici du mat\u00e9riel d&rsquo;information suppl\u00e9mentaire.[\/vc_column_text][vc_column_text][\/vc_column_text]<div class=\"vc-block-button\">\n            <a class=\"aBtnMotion linkclass iconclass   links\" target=\"_blank\" href=\"http:\/\/new.senox.ch\/wp-content\/uploads\/2023\/04\/3_Modul-Anlagen-und-Geraete.pdf\">T\u00e9l\u00e9charger la brochure Installations et appareils<\/a><\/div><div class=\"vc-block-button\">\n            <a class=\"aBtnMotion linkclass iconclass   links\" target=\"_blank\" href=\"http:\/\/new.senox.ch\/wp-content\/uploads\/2023\/04\/2_modul_raeume-und-flaechen.pdf\">T\u00e9l\u00e9charger la brochure Espaces et surfaces<\/a><\/div><div class=\"vc-block-button\">\n            <a class=\"aBtnMotion linkclass iconclass   links\" target=\"_blank\" href=\"http:\/\/new.senox.ch\/wp-content\/uploads\/2023\/04\/4_Modul-Instandhaltung.pdf\">T\u00e9l\u00e9charger la Brochure de Maintenance<\/a><\/div><div class=\"vc-block-button\">\n            <a class=\"aBtnMotion linkclass iconclass   links\" target=\"_blank\" href=\"http:\/\/new.senox.ch\/wp-content\/uploads\/2023\/04\/1_Modul-Management.pdf\">T\u00e9l\u00e9charger la brochure Dashboard \/ Management<\/a><\/div>[\/vc_column][\/vc_row][vc_row][vc_column][vc_column_text]Le dernier produit xTours offre une planification, un contr\u00f4le et une gestion num\u00e9riques des b\u00e2timents et des installations. En utilisant ce produit, les clients peuvent constater une nette diff\u00e9rence dans la gestion de leurs b\u00e2timents. Les personnes int\u00e9ress\u00e9es peuvent t\u00e9l\u00e9charger le produit d\u00e8s maintenant.[\/vc_column_text][vc_column_text][\/vc_column_text]<div class=\"vc-block-button\">\n            <a class=\"aBtnMotion linkclass iconclass   links\" target=\"_blank\" href=\"http:\/\/new.senox.ch\/wp-content\/uploads\/2023\/04\/SENOX-AG-xTours-Broschuere-Interaktiv.pdf\">T\u00e9l\u00e9charger la brochure xtours<\/a><\/div>[\/vc_column][\/vc_row][vc_row][vc_column][vc_column_text]Le module d&rsquo;extension Xclean permet aux clients d&rsquo;int\u00e9grer la gestion du nettoyage dans leur Facility Management. Le module comprend un calcul et une planification complets afin de garantir que les processus de nettoyage sont ex\u00e9cut\u00e9s de mani\u00e8re efficace et efficiente. Les personnes int\u00e9ress\u00e9es peuvent t\u00e9l\u00e9charger le produit d\u00e8s maintenant.[\/vc_column_text][vc_column_text][\/vc_column_text]<div class=\"vc-block-button\">\n            <a class=\"aBtnMotion linkclass iconclass   links\" target=\"_blank\" href=\"http:\/\/new.senox.ch\/wp-content\/uploads\/2023\/04\/Xclean_prospekt2018_4_www__neu2.pdf\">T\u00e9l\u00e9charger la Brochure XClean<\/a><\/div>[\/vc_column][\/vc_row][vc_row full_width=\u00a0\u00bbstretch_row_content\u00a0\u00bb el_class=\u00a0\u00bbrowSectionReferencesGrey\u00a0\u00bb][vc_column]<div class=\"vcBlock-titel center hTitelInteressant\"><h2 >Auch interessant f\u00fcr Sie<\/h2><\/div>[\/vc_column][\/vc_row][vc_row full_width=\u00a0\u00bbstretch_row\u00a0\u00bb el_class=\u00a0\u00bbrowSectionReferencesGrey\u00a0\u00bb][vc_column]<div class=\"divInteressantContainer\"><\/div>[\/vc_column][\/vc_row]<\/p>\n","protected":false},"excerpt":{"rendered":"<p>[vc_row full_width=\u00a0\u00bbstretch_row\u00a0\u00bb el_class=\u00a0\u00bbrowSectionHighlights\u00a0\u00bb style=\u00a0\u00bbthree\u00a0\u00bb content_placement=\u00a0\u00bb\u00a0\u00bb parallax=\u00a0\u00bb\u00a0\u00bb css_animation=\u00a0\u00bbbounceIn\u00a0\u00bb][vc_column][\/vc_column][\/vc_row][vc_row][vc_column][vc_column_text]Senox est une entreprise exp\u00e9riment\u00e9e dans le domaine du conseil en gestion d&rsquo;installations. Elle se concentre sur la gestion efficace des b\u00e2timents, des installations et des \u00e9quipements ainsi que des locaux et des surfaces et sur la maintenance. Le syst\u00e8me GMAO de Senox offre des fonctionnalit\u00e9s compl\u00e8tes pour la [&hellip;]<\/p>\n","protected":false},"author":7,"featured_media":9902,"parent":9952,"menu_order":1,"comment_status":"closed","ping_status":"closed","template":"fullwidth.php","meta":[],"_links":{"self":[{"href":"https:\/\/new.senox.ch\/fr\/index.php?rest_route=\/wp\/v2\/pages\/9960"}],"collection":[{"href":"https:\/\/new.senox.ch\/fr\/index.php?rest_route=\/wp\/v2\/pages"}],"about":[{"href":"https:\/\/new.senox.ch\/fr\/index.php?rest_route=\/wp\/v2\/types\/page"}],"author":[{"embeddable":true,"href":"https:\/\/new.senox.ch\/fr\/index.php?rest_route=\/wp\/v2\/users\/7"}],"replies":[{"embeddable":true,"href":"https:\/\/new.senox.ch\/fr\/index.php?rest_route=%2Fwp%2Fv2%2Fcomments&post=9960"}],"version-history":[{"count":15,"href":"https:\/\/new.senox.ch\/fr\/index.php?rest_route=\/wp\/v2\/pages\/9960\/revisions"}],"predecessor-version":[{"id":10568,"href":"https:\/\/new.senox.ch\/fr\/index.php?rest_route=\/wp\/v2\/pages\/9960\/revisions\/10568"}],"up":[{"embeddable":true,"href":"https:\/\/new.senox.ch\/fr\/index.php?rest_route=\/wp\/v2\/pages\/9952"}],"wp:featuredmedia":[{"embeddable":true,"href":"https:\/\/new.senox.ch\/fr\/index.php?rest_route=\/wp\/v2\/media\/9902"}],"wp:attachment":[{"href":"https:\/\/new.senox.ch\/fr\/index.php?rest_route=%2Fwp%2Fv2%2Fmedia&parent=9960"}],"curies":[{"name":"wp","href":"https:\/\/api.w.org\/{rel}","templated":true}]}}