
  {"id":9328,"date":"2023-04-26T10:52:59","date_gmt":"2023-04-26T09:52:59","guid":{"rendered":"http:\/\/new.senox.ch\/?page_id=9328"},"modified":"2023-06-01T13:16:02","modified_gmt":"2023-06-01T12:16:02","slug":"downloads","status":"publish","type":"page","link":"https:\/\/new.senox.ch\/de?page_id=9328","title":{"rendered":"Downloads"},"content":{"rendered":"<p>[vc_row full_width=&#8220;stretch_row&#8220; disable_element=&#8220;yes&#8220; el_class=&#8220;rowSectionHighlights&#8220; style=&#8220;three&#8220; content_placement=&#8220;&#8220; parallax=&#8220;&#8220; css_animation=&#8220;bounceIn&#8220;][vc_column]<div class=\"vcBlock-lead\">Senox AG &#8211; Experten f\u00fcr massgeschneidertes Facility Management &amp; CAFM-L\u00f6sungen.<\/div>[\/vc_column][\/vc_row][vc_row][vc_column]<div class=\"vcBlock-titel links \"><h2 >Downloads<\/h2><\/div>[vc_column_text]Senox ist ein erfahrenes Unternehmen im Bereich Facility Management Consulting. Ihr Fokus liegt auf der effizienten Verwaltung von Geb\u00e4uden, Anlagen und Ger\u00e4ten sowie R\u00e4umen und Fl\u00e4chen und der Instandhaltung. Das CAFM-System von Senox bietet umfassende Funktionen f\u00fcr das Management von KPIs und Dashboards. Interessierte k\u00f6nnen hier weiteres Informationsmaterial herunterladen.[\/vc_column_text][vc_column_text][\/vc_column_text]<div class=\"vc-block-button\">\n            <a class=\"aBtnMotion linkclass iconclass   links\" target=\"_blank\" href=\"http:\/\/new.senox.ch\/wp-content\/uploads\/2023\/04\/3_Modul-Anlagen-und-Geraete.pdf\">Brosch\u00fcre Anlagen und Ger\u00e4te<\/a><\/div><div class=\"vc-block-button\">\n            <a class=\"aBtnMotion linkclass iconclass   links\" target=\"_blank\" href=\"http:\/\/new.senox.ch\/wp-content\/uploads\/2023\/04\/2_modul_raeume-und-flaechen.pdf\">Brosch\u00fcre R\u00e4ume und Fl\u00e4chen<\/a><\/div><div class=\"vc-block-button\">\n            <a class=\"aBtnMotion linkclass iconclass   links\" target=\"_blank\" href=\"http:\/\/new.senox.ch\/wp-content\/uploads\/2023\/04\/4_Modul-Instandhaltung.pdf\">Brosch\u00fcre Instandhaltung<\/a><\/div><div class=\"vc-block-button\">\n            <a class=\"aBtnMotion linkclass iconclass   links\" target=\"_blank\" href=\"http:\/\/new.senox.ch\/wp-content\/uploads\/2023\/04\/1_Modul-Management.pdf\">Brosch\u00fcre Managemnet<\/a><\/div>[\/vc_column][\/vc_row][vc_row][vc_column][vc_column_text]Das neueste Produkt xTours bietet eine digitale Planung, Kontrolle und Verwaltung von Geb\u00e4uden und Einrichtungen. Durch die Nutzung dieses Produkts k\u00f6nnen Kunden einen deutlichen Unterschied in der Geb\u00e4udeverwaltung erleben. Interessenten k\u00f6nnen das Produkt jetzt herunterladen.[\/vc_column_text][vc_column_text][\/vc_column_text]<div class=\"vc-block-button\">\n            <a class=\"aBtnMotion linkclass iconclass   links\" target=\"_blank\" href=\"http:\/\/new.senox.ch\/wp-content\/uploads\/2023\/04\/SENOX-AG-xTours-Broschuere-Interaktiv.pdf\">Brosch\u00fcre xtours<\/a><\/div>[\/vc_column][\/vc_row][vc_row][vc_column][vc_column_text]Das Erweiterungsmodul Xclean erm\u00f6glicht Kunden das Reinigungsmanagement in ihr Facility-Management zu integrieren. Das Modul umfasst eine umfassende Kalkulation und Planung, um sicherzustellen, dass Reinigungsprozesse effektiv und effizient durchgef\u00fchrt werden. Interessenten k\u00f6nnen das Produkt jetzt herunterladen.[\/vc_column_text][vc_column_text][\/vc_column_text]<div class=\"vc-block-button\">\n            <a class=\"aBtnMotion linkclass iconclass   links\" target=\"_blank\" href=\"http:\/\/new.senox.ch\/wp-content\/uploads\/2023\/04\/Xclean_prospekt2018_4_www__neu2.pdf\">Brosch\u00fcre xclean<\/a><\/div>[\/vc_column][\/vc_row][vc_row full_width=&#8220;stretch_row_content&#8220; el_class=&#8220;rowSectionReferencesGrey&#8220;][vc_column]<div class=\"vcBlock-titel center hTitelInteressant\"><h2 >Auch interessant f\u00fcr Sie<\/h2><\/div>[\/vc_column][\/vc_row][vc_row full_width=&#8220;stretch_row&#8220; el_class=&#8220;rowSectionReferencesGrey&#8220;][vc_column]<div class=\"divInteressantContainer\"><a href=\"http:\/\/new.senox.ch\/branchen\/\"><div class=\"divItem\"><div class=\"divItemBg\" style=\"background-image: url(http:\/\/new.senox.ch\/wp-content\/uploads\/2023\/04\/auch_interess_branchen.jpg)\"><\/div><h3>Branchen<\/h3><\/div><\/a><a href=\"http:\/\/new.senox.ch\/kurse\/\"><div class=\"divItem\"><div class=\"divItemBg\" style=\"background-image: url(http:\/\/new.senox.ch\/wp-content\/uploads\/2023\/04\/014_2023_senox-image_davidschweizer.jpg)\"><\/div><h3>Kurse<\/h3><\/div><\/a><a href=\"http:\/\/new.senox.ch\/loesungen\/\"><div class=\"divItem\"><div class=\"divItemBg\" style=\"background-image: url(http:\/\/new.senox.ch\/wp-content\/uploads\/2023\/04\/auch_interess_loesungen.jpg)\"><\/div><h3>L\u00f6sungen<\/h3><\/div><\/a><a href=\"http:\/\/new.senox.ch\/portrait\/\"><div class=\"divItem\"><div class=\"divItemBg\" style=\"background-image: url(http:\/\/new.senox.ch\/wp-content\/uploads\/2023\/04\/auch_interessant_unternehmen.jpg)\"><\/div><h3>Unternehmen<\/h3><\/div><\/a><\/div>[\/vc_column][\/vc_row]<\/p>\n","protected":false},"excerpt":{"rendered":"<p>[vc_row full_width=&#8220;stretch_row&#8220; disable_element=&#8220;yes&#8220; el_class=&#8220;rowSectionHighlights&#8220; style=&#8220;three&#8220; content_placement=&#8220;&#8220; parallax=&#8220;&#8220; css_animation=&#8220;bounceIn&#8220;][vc_column][\/vc_column][\/vc_row][vc_row][vc_column][vc_column_text]Senox ist ein erfahrenes Unternehmen im Bereich Facility Management Consulting. Ihr Fokus liegt auf der effizienten Verwaltung von Geb\u00e4uden, Anlagen und Ger\u00e4ten sowie R\u00e4umen und Fl\u00e4chen und der Instandhaltung. Das CAFM-System von Senox bietet umfassende Funktionen f\u00fcr das Management von KPIs und Dashboards. Interessierte k\u00f6nnen hier weiteres Informationsmaterial [&hellip;]<\/p>\n","protected":false},"author":7,"featured_media":9372,"parent":9308,"menu_order":1,"comment_status":"closed","ping_status":"closed","template":"fullwidth.php","meta":[],"_links":{"self":[{"href":"https:\/\/new.senox.ch\/de\/index.php?rest_route=\/wp\/v2\/pages\/9328"}],"collection":[{"href":"https:\/\/new.senox.ch\/de\/index.php?rest_route=\/wp\/v2\/pages"}],"about":[{"href":"https:\/\/new.senox.ch\/de\/index.php?rest_route=\/wp\/v2\/types\/page"}],"author":[{"embeddable":true,"href":"https:\/\/new.senox.ch\/de\/index.php?rest_route=\/wp\/v2\/users\/7"}],"replies":[{"embeddable":true,"href":"https:\/\/new.senox.ch\/de\/index.php?rest_route=%2Fwp%2Fv2%2Fcomments&post=9328"}],"version-history":[{"count":20,"href":"https:\/\/new.senox.ch\/de\/index.php?rest_route=\/wp\/v2\/pages\/9328\/revisions"}],"predecessor-version":[{"id":10574,"href":"https:\/\/new.senox.ch\/de\/index.php?rest_route=\/wp\/v2\/pages\/9328\/revisions\/10574"}],"up":[{"embeddable":true,"href":"https:\/\/new.senox.ch\/de\/index.php?rest_route=\/wp\/v2\/pages\/9308"}],"wp:featuredmedia":[{"embeddable":true,"href":"https:\/\/new.senox.ch\/de\/index.php?rest_route=\/wp\/v2\/media\/9372"}],"wp:attachment":[{"href":"https:\/\/new.senox.ch\/de\/index.php?rest_route=%2Fwp%2Fv2%2Fmedia&parent=9328"}],"curies":[{"name":"wp","href":"https:\/\/api.w.org\/{rel}","templated":true}]}}